{"id":143,"date":"2023-05-30T09:52:27","date_gmt":"2023-05-30T01:52:27","guid":{"rendered":"https:\/\/mme.mn\/?page_id=143"},"modified":"2024-04-24T08:51:03","modified_gmt":"2024-04-24T00:51:03","slug":"%d0%bc%d1%8d%d0%b4%d1%8d%d1%8d-%d0%bc%d1%8d%d0%b4%d1%8d%d1%8d%d0%bb%d1%8d%d0%bb","status":"publish","type":"page","link":"https:\/\/mme.mn\/en\/%d0%bc%d1%8d%d0%b4%d1%8d%d1%8d-%d0%bc%d1%8d%d0%b4%d1%8d%d1%8d%d0%bb%d1%8d%d0%bb\/","title":{"rendered":"News and information"},"content":{"rendered":"<div data-elementor-type=\"wp-page\" data-elementor-id=\"143\" class=\"elementor elementor-143\" data-elementor-post-type=\"page\">\n\t\t\t\t<div class=\"elementor-element elementor-element-3278eac e-con-full e-flex e-con e-parent\" data-id=\"3278eac\" data-element_type=\"container\" data-settings=\"{&quot;background_background&quot;:&quot;video&quot;,&quot;background_video_link&quot;:&quot;https:\\\/\\\/mme.mn\\\/wp-content\\\/uploads\\\/2024\\\/02\\\/3.mp4&quot;,&quot;background_video_start&quot;:0,&quot;background_video_end&quot;:30,&quot;background_play_on_mobile&quot;:&quot;yes&quot;,&quot;background_motion_fx_devices&quot;:[&quot;desktop&quot;,&quot;tablet&quot;,&quot;mobile&quot;]}\">\n\t\t<div class=\"elementor-background-video-container\">\n\t\t\t\t\t\t\t<video class=\"elementor-background-video-hosted\" autoplay muted playsinline loop><\/video>\n\t\t\t\t\t<\/div>\t\t<\/div>\n\t\t<div class=\"elementor-element elementor-element-3d3b016 e-flex e-con-boxed e-con e-parent\" data-id=\"3d3b016\" data-element_type=\"container\">\n\t\t\t\t\t<div class=\"e-con-inner\">\n\t\t<div class=\"elementor-element elementor-element-ce1e461 e-con-full e-flex elementor-invisible e-con e-child\" data-id=\"ce1e461\" data-element_type=\"container\" data-settings=\"{&quot;background_background&quot;:&quot;classic&quot;,&quot;animation&quot;:&quot;fadeInDown&quot;}\">\n\t\t\t\t<\/div>\n\t\t\t\t\t<\/div>\n\t\t\t\t<\/div>\n\t\t<div class=\"elementor-element elementor-element-7b69db1 e-flex e-con-boxed e-con e-parent\" data-id=\"7b69db1\" data-element_type=\"container\" data-settings=\"{&quot;background_background&quot;:&quot;classic&quot;}\">\n\t\t\t\t\t<div class=\"e-con-inner\">\n\t\t<div class=\"elementor-element elementor-element-c40fc64 e-flex e-con-boxed e-con e-child\" data-id=\"c40fc64\" data-element_type=\"container\">\n\t\t\t\t\t<div class=\"e-con-inner\">\n\t\t\t\t<div class=\"elementor-element elementor-element-a91d7dd elementor-posts--align-left elementor-grid-3 elementor-grid-tablet-2 elementor-grid-mobile-1 elementor-posts--thumbnail-top elementor-card-shadow-yes elementor-posts__hover-gradient elementor-widget elementor-widget-posts\" data-id=\"a91d7dd\" data-element_type=\"widget\" data-settings=\"{&quot;cards_row_gap&quot;:{&quot;unit&quot;:&quot;px&quot;,&quot;size&quot;:40,&quot;sizes&quot;:[]},&quot;pagination_type&quot;:&quot;numbers&quot;,&quot;cards_row_gap_tablet&quot;:{&quot;unit&quot;:&quot;px&quot;,&quot;size&quot;:20,&quot;sizes&quot;:[]},&quot;cards_columns&quot;:&quot;3&quot;,&quot;cards_columns_tablet&quot;:&quot;2&quot;,&quot;cards_columns_mobile&quot;:&quot;1&quot;,&quot;cards_row_gap_mobile&quot;:{&quot;unit&quot;:&quot;px&quot;,&quot;size&quot;:&quot;&quot;,&quot;sizes&quot;:[]}}\" data-widget_type=\"posts.cards\">\n\t\t\t\t<div class=\"elementor-widget-container\">\n\t\t\t\t\t\t\t<div class=\"elementor-posts-container elementor-posts elementor-posts--skin-cards elementor-grid\">\n\t\t\t\t<article class=\"elementor-post elementor-grid-item post-10596 post type-post status-publish format-standard hentry category-uncategorized\">\n\t\t\t<div class=\"elementor-post__card\">\n\t\t\t\t<div class=\"elementor-post__text\">\n\t\t\t\t<h3 class=\"elementor-post__title\">\n\t\t\t<a href=\"https:\/\/mme.mn\/en\/v-pogone-za-udacei-strategiia-i-azart-v-sovremennoi-plinko-dlia\/\" >\n\t\t\t\t\u0412 \u043f\u043e\u0433\u043e\u043d\u0435 \u0437\u0430 \u0443\u0434\u0430\u0447\u0435\u0439 \u0441\u0442\u0440\u0430\u0442\u0435\u0433\u0438\u044f \u0438 \u0430\u0437\u0430\u0440\u0442 \u0432 \u0441\u043e\u0432\u0440\u0435\u043c\u0435\u043d\u043d\u043e\u0439 plinko \u0434\u043b\u044f \u0431\u043e\u043b\u044c\u0448\u0438\u0445 \u0432\u044b\u0438\u0433\u0440\u044b\u0448\u0435\u0439.\t\t\t<\/a>\n\t\t<\/h3>\n\t\t\t\t<div class=\"elementor-post__excerpt\">\n\t\t\t<p>\u0412 \u043f\u043e\u0433\u043e\u043d\u0435 \u0437\u0430 \u0443\u0434\u0430\u0447\u0435\u0439: \u0441\u0442\u0440\u0430\u0442\u0435\u0433\u0438\u044f \u0438 \u0430\u0437\u0430\u0440\u0442 \u0432 \u0441\u043e\u0432\u0440\u0435\u043c\u0435\u043d\u043d\u043e\u0439 plinko \u0434\u043b\u044f \u0431\u043e\u043b\u044c\u0448\u0438\u0445 \u0432\u044b\u0438\u0433\u0440\u044b\u0448\u0435\u0439. \u0418\u0441\u0442\u043e\u0440\u0438\u044f \u0438 \u044d\u0432\u043e\u043b\u044e\u0446\u0438\u044f Plinko \u041c\u0435\u0445\u0430\u043d\u0438\u043a\u0430 \u0438\u0433\u0440\u044b \u0438 \u0441\u0442\u0440\u0430\u0442\u0435\u0433\u0438\u0438 \u0424\u0430\u043a\u0442\u043e\u0440\u044b, \u0432\u043b\u0438\u044f\u044e\u0449\u0438\u0435 \u043d\u0430 \u0438\u0441\u0445\u043e\u0434<\/p>\n\t\t<\/div>\n\t\t\n\t\t<a class=\"elementor-post__read-more\" href=\"https:\/\/mme.mn\/en\/v-pogone-za-udacei-strategiia-i-azart-v-sovremennoi-plinko-dlia\/\" aria-label=\"Read more about \u0412 \u043f\u043e\u0433\u043e\u043d\u0435 \u0437\u0430 \u0443\u0434\u0430\u0447\u0435\u0439 \u0441\u0442\u0440\u0430\u0442\u0435\u0433\u0438\u044f \u0438 \u0430\u0437\u0430\u0440\u0442 \u0432 \u0441\u043e\u0432\u0440\u0435\u043c\u0435\u043d\u043d\u043e\u0439 plinko \u0434\u043b\u044f \u0431\u043e\u043b\u044c\u0448\u0438\u0445 \u0432\u044b\u0438\u0433\u0440\u044b\u0448\u0435\u0439.\" tabindex=\"-1\" >\n\t\t\t\u2192\t\t<\/a>\n\n\t\t\t\t<\/div>\n\t\t\t\t<div class=\"elementor-post__meta-data\">\n\t\t\t\t\t<span class=\"elementor-post-date\">\n\t\t\t2026-04-02\t\t<\/span>\n\t\t\t\t<\/div>\n\t\t\t\t\t<\/div>\n\t\t<\/article>\n\t\t\t\t<article class=\"elementor-post elementor-grid-item post-10592 post type-post status-publish format-standard hentry category-uncategorized\">\n\t\t\t<div class=\"elementor-post__card\">\n\t\t\t\t<div class=\"elementor-post__text\">\n\t\t\t\t<h3 class=\"elementor-post__title\">\n\t\t\t<a href=\"https:\/\/mme.mn\/en\/emocjonujaca-przygoda-z-grami-online-vavada-otwiera-drzwi-do\/\" >\n\t\t\t\tEmocjonuj\u0105ca przygoda z grami online \u2013 vavada otwiera drzwi do wielkich wygranych i niezapomnianych _3\t\t\t<\/a>\n\t\t<\/h3>\n\t\t\t\t<div class=\"elementor-post__excerpt\">\n\t\t\t<p>Emocjonuj\u0105ca przygoda z grami online \u2013 vavada otwiera drzwi do wielkich wygranych i niezapomnianych wra\u017ce\u0144 dla polskich graczy. Czym jest Vavada? \u2013 Kr\u00f3tki przewodnik Zalety<\/p>\n\t\t<\/div>\n\t\t\n\t\t<a class=\"elementor-post__read-more\" href=\"https:\/\/mme.mn\/en\/emocjonujaca-przygoda-z-grami-online-vavada-otwiera-drzwi-do\/\" aria-label=\"Read more about Emocjonuj\u0105ca przygoda z grami online \u2013 vavada otwiera drzwi do wielkich wygranych i niezapomnianych _3\" tabindex=\"-1\" >\n\t\t\t\u2192\t\t<\/a>\n\n\t\t\t\t<\/div>\n\t\t\t\t<div class=\"elementor-post__meta-data\">\n\t\t\t\t\t<span class=\"elementor-post-date\">\n\t\t\t2026-04-02\t\t<\/span>\n\t\t\t\t<\/div>\n\t\t\t\t\t<\/div>\n\t\t<\/article>\n\t\t\t\t<article class=\"elementor-post elementor-grid-item post-10590 post type-post status-publish format-standard hentry category-uncategorized\">\n\t\t\t<div class=\"elementor-post__card\">\n\t\t\t\t<div class=\"elementor-post__text\">\n\t\t\t\t<h3 class=\"elementor-post__title\">\n\t\t\t<a href=\"https:\/\/mme.mn\/en\/ascend-and-cash-in-mastering-the-aviator-game-for-exponential\/\" >\n\t\t\t\tAscend and Cash In Mastering the aviator Game for Exponential Wins &#038; Calculated Risks.\t\t\t<\/a>\n\t\t<\/h3>\n\t\t\t\t<div class=\"elementor-post__excerpt\">\n\t\t\t<p>Ascend and Cash In: Mastering the aviator Game for Exponential Wins &amp; Calculated Risks. Understanding the Mechanics of the Aviator Game Risk Management Strategies in<\/p>\n\t\t<\/div>\n\t\t\n\t\t<a class=\"elementor-post__read-more\" href=\"https:\/\/mme.mn\/en\/ascend-and-cash-in-mastering-the-aviator-game-for-exponential\/\" aria-label=\"Read more about Ascend and Cash In Mastering the aviator Game for Exponential Wins &#038; Calculated Risks.\" tabindex=\"-1\" >\n\t\t\t\u2192\t\t<\/a>\n\n\t\t\t\t<\/div>\n\t\t\t\t<div class=\"elementor-post__meta-data\">\n\t\t\t\t\t<span class=\"elementor-post-date\">\n\t\t\t2026-04-02\t\t<\/span>\n\t\t\t\t<\/div>\n\t\t\t\t\t<\/div>\n\t\t<\/article>\n\t\t\t\t<article class=\"elementor-post elementor-grid-item post-10594 post type-post status-publish format-standard hentry category-public\">\n\t\t\t<div class=\"elementor-post__card\">\n\t\t\t\t<div class=\"elementor-post__text\">\n\t\t\t\t<h3 class=\"elementor-post__title\">\n\t\t\t<a href=\"https:\/\/mme.mn\/en\/responsible-gambling-how-to-enjoy-games-safely\/\" >\n\t\t\t\tResponsible Gambling How to Enjoy Games Safely with Spingranny Casino\t\t\t<\/a>\n\t\t<\/h3>\n\t\t\t\t<div class=\"elementor-post__excerpt\">\n\t\t\t<p>Responsible Gambling How to Enjoy Games Safely with Spingranny Casino \u03a4\u03b9 \u03b5\u03af\u03bd\u03b1\u03b9 \u03bf \u03c5\u03c0\u03b5\u03cd\u03b8\u03c5\u03bd\u03bf\u03c2 \u03c4\u03b6\u03cc\u03b3\u03bf\u03c2 \u039f \u03c5\u03c0\u03b5\u03cd\u03b8\u03c5\u03bd\u03bf\u03c2 \u03c4\u03b6\u03cc\u03b3\u03bf\u03c2 \u03b1\u03bd\u03b1\u03c6\u03ad\u03c1\u03b5\u03c4\u03b1\u03b9 \u03c3\u03c4\u03b7 \u03c3\u03c5\u03bd\u03b5\u03b9\u03b4\u03b7\u03c4\u03ae \u03ba\u03b1\u03b9 \u03b1\u03c3\u03c6\u03b1\u03bb\u03ae \u03c3\u03c5\u03bc\u03bc\u03b5\u03c4\u03bf\u03c7\u03ae \u03c3\u03b5<\/p>\n\t\t<\/div>\n\t\t\n\t\t<a class=\"elementor-post__read-more\" href=\"https:\/\/mme.mn\/en\/responsible-gambling-how-to-enjoy-games-safely\/\" aria-label=\"Read more about Responsible Gambling How to Enjoy Games Safely with Spingranny Casino\" tabindex=\"-1\" >\n\t\t\t\u2192\t\t<\/a>\n\n\t\t\t\t<\/div>\n\t\t\t\t<div class=\"elementor-post__meta-data\">\n\t\t\t\t\t<span class=\"elementor-post-date\">\n\t\t\t2026-04-02\t\t<\/span>\n\t\t\t\t<\/div>\n\t\t\t\t\t<\/div>\n\t\t<\/article>\n\t\t\t\t<article class=\"elementor-post elementor-grid-item post-10588 post type-post status-publish format-standard hentry category-public\">\n\t\t\t<div class=\"elementor-post__card\">\n\t\t\t\t<div class=\"elementor-post__text\">\n\t\t\t\t<h3 class=\"elementor-post__title\">\n\t\t\t<a href=\"https:\/\/mme.mn\/en\/hj-roller-oplev-de-ultimative-casinoeventyr\/\" >\n\t\t\t\tH\u00f8j roller Oplev de ultimative casinoeventyr\t\t\t<\/a>\n\t\t<\/h3>\n\t\t\t\t<div class=\"elementor-post__excerpt\">\n\t\t\t<p>H\u00f8j roller Oplev de ultimative casinoeventyr Casinoeventyrets verden Casinospil har en fascinerende evne til at transportere spillere til en verden af sp\u00e6nding og eventyr. H\u00f8j<\/p>\n\t\t<\/div>\n\t\t\n\t\t<a class=\"elementor-post__read-more\" href=\"https:\/\/mme.mn\/en\/hj-roller-oplev-de-ultimative-casinoeventyr\/\" aria-label=\"Read more about H\u00f8j roller Oplev de ultimative casinoeventyr\" tabindex=\"-1\" >\n\t\t\t\u2192\t\t<\/a>\n\n\t\t\t\t<\/div>\n\t\t\t\t<div class=\"elementor-post__meta-data\">\n\t\t\t\t\t<span class=\"elementor-post-date\">\n\t\t\t2026-04-02\t\t<\/span>\n\t\t\t\t<\/div>\n\t\t\t\t\t<\/div>\n\t\t<\/article>\n\t\t\t\t<article class=\"elementor-post elementor-grid-item post-10586 post type-post status-publish format-standard hentry category-uncategorized\">\n\t\t\t<div class=\"elementor-post__card\">\n\t\t\t\t<div class=\"elementor-post__text\">\n\t\t\t\t<h3 class=\"elementor-post__title\">\n\t\t\t<a href=\"https:\/\/mme.mn\/en\/bet-sio-practical-guide-to-payment-methods-and-account-access\/\" >\n\t\t\t\tBet Sio: Practical Guide to Payment Methods and Account Access\t\t\t<\/a>\n\t\t<\/h3>\n\t\t\t\t<div class=\"elementor-post__excerpt\">\n\t\t\t<p>Bet Sio positions itself as a crypto-forward casino with a large games catalogue and a payments setup that looks very different from mainstream UK-licensed operators.<\/p>\n\t\t<\/div>\n\t\t\n\t\t<a class=\"elementor-post__read-more\" href=\"https:\/\/mme.mn\/en\/bet-sio-practical-guide-to-payment-methods-and-account-access\/\" aria-label=\"Read more about Bet Sio: Practical Guide to Payment Methods and Account Access\" tabindex=\"-1\" >\n\t\t\t\u2192\t\t<\/a>\n\n\t\t\t\t<\/div>\n\t\t\t\t<div class=\"elementor-post__meta-data\">\n\t\t\t\t\t<span class=\"elementor-post-date\">\n\t\t\t2026-04-02\t\t<\/span>\n\t\t\t\t<\/div>\n\t\t\t\t\t<\/div>\n\t\t<\/article>\n\t\t\t\t<article class=\"elementor-post elementor-grid-item post-10584 post type-post status-publish format-standard hentry category-uncategorized\">\n\t\t\t<div class=\"elementor-post__card\">\n\t\t\t\t<div class=\"elementor-post__text\">\n\t\t\t\t<h3 class=\"elementor-post__title\">\n\t\t\t<a href=\"https:\/\/mme.mn\/en\/beyond-the-coop-achieve-a-high-score-master-the-perilous-path-in\/\" >\n\t\t\t\tBeyond the Coop Achieve a High Score &#038; Master the Perilous Path in chicken road game \u2013 Endless Traff\t\t\t<\/a>\n\t\t<\/h3>\n\t\t\t\t<div class=\"elementor-post__excerpt\">\n\t\t\t<p>Beyond the Coop: Achieve a High Score &amp; Master the Perilous Path in chicken road game \u2013 Endless Traffic Challenge! Understanding the Core Mechanics of<\/p>\n\t\t<\/div>\n\t\t\n\t\t<a class=\"elementor-post__read-more\" href=\"https:\/\/mme.mn\/en\/beyond-the-coop-achieve-a-high-score-master-the-perilous-path-in\/\" aria-label=\"Read more about Beyond the Coop Achieve a High Score &#038; Master the Perilous Path in chicken road game \u2013 Endless Traff\" tabindex=\"-1\" >\n\t\t\t\u2192\t\t<\/a>\n\n\t\t\t\t<\/div>\n\t\t\t\t<div class=\"elementor-post__meta-data\">\n\t\t\t\t\t<span class=\"elementor-post-date\">\n\t\t\t2026-04-02\t\t<\/span>\n\t\t\t\t<\/div>\n\t\t\t\t\t<\/div>\n\t\t<\/article>\n\t\t\t\t<article class=\"elementor-post elementor-grid-item post-10582 post type-post status-publish format-standard hentry category-public\">\n\t\t\t<div class=\"elementor-post__card\">\n\t\t\t\t<div class=\"elementor-post__text\">\n\t\t\t\t<h3 class=\"elementor-post__title\">\n\t\t\t<a href=\"https:\/\/mme.mn\/en\/mythen-entschlusseln-was-sie-uber-glucksspiele\/\" >\n\t\t\t\tMythen entschl\u00fcsseln Was Sie \u00fcber Gl\u00fccksspiele wissen sollten\t\t\t<\/a>\n\t\t<\/h3>\n\t\t\t\t<div class=\"elementor-post__excerpt\">\n\t\t\t<p>Mythen entschl\u00fcsseln Was Sie \u00fcber Gl\u00fccksspiele wissen sollten Die Grundlagen des Gl\u00fccksspiels Gl\u00fccksspiele sind ein fester Bestandteil vieler Kulturen und gehen auf Jahrhunderte alte Traditionen<\/p>\n\t\t<\/div>\n\t\t\n\t\t<a class=\"elementor-post__read-more\" href=\"https:\/\/mme.mn\/en\/mythen-entschlusseln-was-sie-uber-glucksspiele\/\" aria-label=\"Read more about Mythen entschl\u00fcsseln Was Sie \u00fcber Gl\u00fccksspiele wissen sollten\" tabindex=\"-1\" >\n\t\t\t\u2192\t\t<\/a>\n\n\t\t\t\t<\/div>\n\t\t\t\t<div class=\"elementor-post__meta-data\">\n\t\t\t\t\t<span class=\"elementor-post-date\">\n\t\t\t2026-04-02\t\t<\/span>\n\t\t\t\t<\/div>\n\t\t\t\t\t<\/div>\n\t\t<\/article>\n\t\t\t\t<article class=\"elementor-post elementor-grid-item post-10576 post type-post status-publish format-standard hentry category-uncategorized\">\n\t\t\t<div class=\"elementor-post__card\">\n\t\t\t\t<div class=\"elementor-post__text\">\n\t\t\t\t<h3 class=\"elementor-post__title\">\n\t\t\t<a href=\"https:\/\/mme.mn\/en\/plongee-dans-la-comprehension-de-la-tolerance-aux-substances-ergogenes\/\" >\n\t\t\t\tPlong\u00e9e dans la compr\u00e9hension de la tol\u00e9rance aux substances ergog\u00e8nes\t\t\t<\/a>\n\t\t<\/h3>\n\t\t\t\t<div class=\"elementor-post__excerpt\">\n\t\t\t<p>Dans le domaine de la performance sportive, la compr\u00e9hension de la tol\u00e9rance aux substances ergog\u00e8nes est essentielle pour maximiser les r\u00e9sultats tout en pr\u00e9servant la<\/p>\n\t\t<\/div>\n\t\t\n\t\t<a class=\"elementor-post__read-more\" href=\"https:\/\/mme.mn\/en\/plongee-dans-la-comprehension-de-la-tolerance-aux-substances-ergogenes\/\" aria-label=\"Read more about Plong\u00e9e dans la compr\u00e9hension de la tol\u00e9rance aux substances ergog\u00e8nes\" tabindex=\"-1\" >\n\t\t\t\u2192\t\t<\/a>\n\n\t\t\t\t<\/div>\n\t\t\t\t<div class=\"elementor-post__meta-data\">\n\t\t\t\t\t<span class=\"elementor-post-date\">\n\t\t\t2026-04-02\t\t<\/span>\n\t\t\t\t<\/div>\n\t\t\t\t\t<\/div>\n\t\t<\/article>\n\t\t\t\t<\/div>\n\t\t\n\t\t\t\t<div class=\"e-load-more-anchor\" data-page=\"1\" data-max-page=\"1092\" data-next-page=\"https:\/\/mme.mn\/en\/wp-json\/wp\/v2\/pages\/143\/page\/2\/\"><\/div>\n\t\t\t\t<nav class=\"elementor-pagination\" aria-label=\"Pagination\">\n\t\t\t<span aria-current=\"page\" class=\"page-numbers current\"><span class=\"elementor-screen-only\">Page<\/span>1<\/span>\n<a class=\"page-numbers\" href=\"https:\/\/mme.mn\/en\/wp-json\/wp\/v2\/pages\/143\/page\/2\/\"><span class=\"elementor-screen-only\">Page<\/span>2<\/a>\n<a class=\"page-numbers\" href=\"https:\/\/mme.mn\/en\/wp-json\/wp\/v2\/pages\/143\/page\/3\/\"><span class=\"elementor-screen-only\">Page<\/span>3<\/a>\n<a class=\"page-numbers\" href=\"https:\/\/mme.mn\/en\/wp-json\/wp\/v2\/pages\/143\/page\/4\/\"><span class=\"elementor-screen-only\">Page<\/span>4<\/a>\n<a class=\"page-numbers\" href=\"https:\/\/mme.mn\/en\/wp-json\/wp\/v2\/pages\/143\/page\/5\/\"><span class=\"elementor-screen-only\">Page<\/span>5<\/a>\n<a class=\"page-numbers\" href=\"https:\/\/mme.mn\/en\/wp-json\/wp\/v2\/pages\/143\/page\/6\/\"><span class=\"elementor-screen-only\">Page<\/span>6<\/a>\n<a class=\"page-numbers\" href=\"https:\/\/mme.mn\/en\/wp-json\/wp\/v2\/pages\/143\/page\/7\/\"><span class=\"elementor-screen-only\">Page<\/span>7<\/a>\n<a class=\"page-numbers\" href=\"https:\/\/mme.mn\/en\/wp-json\/wp\/v2\/pages\/143\/page\/8\/\"><span class=\"elementor-screen-only\">Page<\/span>8<\/a>\n<a class=\"page-numbers\" href=\"https:\/\/mme.mn\/en\/wp-json\/wp\/v2\/pages\/143\/page\/9\/\"><span class=\"elementor-screen-only\">Page<\/span>9<\/a>\n<a class=\"page-numbers\" href=\"https:\/\/mme.mn\/en\/wp-json\/wp\/v2\/pages\/143\/page\/10\/\"><span class=\"elementor-screen-only\">Page<\/span>10<\/a>\t\t<\/nav>\n\t\t\t\t\t\t<\/div>\n\t\t\t\t<\/div>\n\t\t\t\t\t<\/div>\n\t\t\t\t<\/div>\n\t\t\t\t\t<\/div>\n\t\t\t\t<\/div>\n\t\t\t\t<\/div>","protected":false},"excerpt":{"rendered":"","protected":false},"author":1,"featured_media":0,"parent":0,"menu_order":0,"comment_status":"closed","ping_status":"open","template":"elementor_header_footer","meta":{"footnotes":""},"class_list":["post-143","page","type-page","status-publish","hentry"],"_links":{"self":[{"href":"https:\/\/mme.mn\/en\/wp-json\/wp\/v2\/pages\/143","targetHints":{"allow":["GET"]}}],"collection":[{"href":"https:\/\/mme.mn\/en\/wp-json\/wp\/v2\/pages"}],"about":[{"href":"https:\/\/mme.mn\/en\/wp-json\/wp\/v2\/types\/page"}],"author":[{"embeddable":true,"href":"https:\/\/mme.mn\/en\/wp-json\/wp\/v2\/users\/1"}],"replies":[{"embeddable":true,"href":"https:\/\/mme.mn\/en\/wp-json\/wp\/v2\/comments?post=143"}],"version-history":[{"count":61,"href":"https:\/\/mme.mn\/en\/wp-json\/wp\/v2\/pages\/143\/revisions"}],"predecessor-version":[{"id":1244,"href":"https:\/\/mme.mn\/en\/wp-json\/wp\/v2\/pages\/143\/revisions\/1244"}],"wp:attachment":[{"href":"https:\/\/mme.mn\/en\/wp-json\/wp\/v2\/media?parent=143"}],"curies":[{"name":"wp","href":"https:\/\/api.w.org\/{rel}","templated":true}]}}